{"id":6070,"date":"2015-04-27T10:25:35","date_gmt":"2015-04-27T10:25:35","guid":{"rendered":"http:\/\/demo.edge-themes.com\/homa9\/?page_id=6070"},"modified":"2026-03-24T11:07:25","modified_gmt":"2026-03-24T09:07:25","slug":"blog","status":"publish","type":"page","link":"https:\/\/pasion-eventos.com\/blog\/","title":{"rendered":"Blog"},"content":{"rendered":"<div class=\"wpb-content-wrapper\"><p>[vc_row row_type=\u00bbrow\u00bb use_row_as_full_screen_section=\u00bbno\u00bb type=\u00bbfull_width\u00bb text_align=\u00bbcenter\u00bb padding_top=\u00bb44&#8243; padding_bottom=\u00bb56&#8243; css_animation=\u00bb\u00bb box_shadow_on_row=\u00bbno\u00bb oblique_section=\u00bbno\u00bb oblique_section_top_and_bottom=\u00bbboth\u00bb oblique_section_position=\u00bbfrom_left_to_right\u00bb triangle_shape=\u00bbno\u00bb triangle_shape_position=\u00bbboth\u00bb][vc_column offset=\u00bbvc_col-lg-offset-1 vc_col-lg-10 vc_col-md-12 vc_col-xs-12&#8243; css=\u00bb.vc_custom_1616151252487{padding-top: 25px !important;}\u00bb][vc_separator type=\u00bbtransparent\u00bb up=\u00bb10&#8243; up_style=\u00bbpx\u00bb down=\u00bb0&#8243; down_style=\u00bbpx\u00bb][vc_column_text]<\/p>\n<h1 style=\"text-align: center;\"><span style=\"color: #ffffff;\">Blog wedding planner<\/span><\/h1>\n<h2 class=\"bienvenida\">Bodas de destino de lujo en Mallorca<\/h2>\n<p>[\/vc_column_text][vc_column_text]<\/p>\n<p style=\"font-family: 'Arvo', sans-serif; font-size: 15px; line-height: 29px;\">Una selecci\u00f3n de celebraciones ic\u00f3nicas de varios d\u00edas, pensadas para parejas internacionales.<br \/>\nAqu\u00ed encontrar\u00e1s bodas reales, tradiciones culturales y experiencias que reflejan nuestra manera de entender el lujo con intenci\u00f3n.<\/p>\n<p>[\/vc_column_text][\/vc_column][\/vc_row]<\/p>\n<\/div>","protected":false},"excerpt":{"rendered":"<p>[vc_row row_type=\u00bbrow\u00bb use_row_as_full_screen_section=\u00bbno\u00bb type=\u00bbfull_width\u00bb text_align=\u00bbcenter\u00bb padding_top=\u00bb44&#8243; padding_bottom=\u00bb56&#8243; css_animation=\u00bb\u00bb box_shadow_on_row=\u00bbno\u00bb oblique_section=\u00bbno\u00bb oblique_section_top_and_bottom=\u00bbboth\u00bb oblique_section_position=\u00bbfrom_left_to_right\u00bb triangle_shape=\u00bbno\u00bb triangle_shape_position=\u00bbboth\u00bb][vc_column offset=\u00bbvc_col-lg-offset-1 vc_col-lg-10 vc_col-md-12 vc_col-xs-12&#8243; css=\u00bb.vc_custom_1616151252487{padding-top: 25px !important;}\u00bb][vc_separator type=\u00bbtransparent\u00bb up=\u00bb10&#8243; up_style=\u00bbpx\u00bb down=\u00bb0&#8243; down_style=\u00bbpx\u00bb][vc_column_text] Blog wedding planner Bodas de destino de lujo en Mallorca [\/vc_column_text][vc_column_text] Una selecci\u00f3n de celebraciones ic\u00f3nicas de varios d\u00edas,&#8230;<\/p>\n","protected":false},"author":1,"featured_media":0,"parent":0,"menu_order":0,"comment_status":"open","ping_status":"open","template":"blog-standard.php","meta":{"footnotes":""},"_links":{"self":[{"href":"https:\/\/pasion-eventos.com\/blog\/wp-json\/wp\/v2\/pages\/6070"}],"collection":[{"href":"https:\/\/pasion-eventos.com\/blog\/wp-json\/wp\/v2\/pages"}],"about":[{"href":"https:\/\/pasion-eventos.com\/blog\/wp-json\/wp\/v2\/types\/page"}],"author":[{"embeddable":true,"href":"https:\/\/pasion-eventos.com\/blog\/wp-json\/wp\/v2\/users\/1"}],"replies":[{"embeddable":true,"href":"https:\/\/pasion-eventos.com\/blog\/wp-json\/wp\/v2\/comments?post=6070"}],"version-history":[{"count":13,"href":"https:\/\/pasion-eventos.com\/blog\/wp-json\/wp\/v2\/pages\/6070\/revisions"}],"predecessor-version":[{"id":27057,"href":"https:\/\/pasion-eventos.com\/blog\/wp-json\/wp\/v2\/pages\/6070\/revisions\/27057"}],"wp:attachment":[{"href":"https:\/\/pasion-eventos.com\/blog\/wp-json\/wp\/v2\/media?parent=6070"}],"curies":[{"name":"wp","href":"https:\/\/api.w.org\/{rel}","templated":true}]}}